{"id":28,"date":"2026-04-14T13:38:36","date_gmt":"2026-04-14T13:38:36","guid":{"rendered":"https:\/\/preusandiego.com.gt\/?page_id=28"},"modified":"2026-04-14T19:41:51","modified_gmt":"2026-04-14T19:41:51","slug":"inicio","status":"publish","type":"page","link":"https:\/\/preusandiego.com.gt\/","title":{"rendered":"Inicio"},"content":{"rendered":"\t\t<div data-elementor-type=\"wp-post\" data-elementor-id=\"28\" class=\"elementor elementor-28\">\n\t\t\t\t<div class=\"elementor-element elementor-element-6c4a904 e-flex e-con-boxed e-con e-parent\" data-id=\"6c4a904\" data-element_type=\"container\" data-e-type=\"container\">\n\t\t\t\t\t<div class=\"e-con-inner\">\n\t\t\t\t\t\t\t<h2 \n\t\tdata-interaction-id=\"8474ec3\" \n\t\tclass=\"e-heading-base\" \n\t\t \n\t\t\n\t>\n\t\n\t\t\tLiceo Preuniversitario San Diego\n\t\t<\/h2>\n\t\t\t\t<div class=\"elementor-element elementor-element-b24e20b elementor-widget elementor-widget-text-editor\" data-id=\"b24e20b\" data-element_type=\"widget\" data-e-type=\"widget\" data-widget_type=\"text-editor.default\">\n\t\t\t\t\t\t\t\t\t<p>\u201cFormando el futuro con excelencia acad\u00e9mica\u201d<\/p>\t\t\t\t\t\t\t\t<\/div>\n\t\t\t\t\t    \t            <button class=\"e-button-base\" data-interaction-id=\"a2b1020\"  >\n            Inscripciones abiertas\n        <\/button>\n    \t\t\t\t\t<\/div>\n\t\t\t\t<\/div>\n\t\t\t\t<div class=\"elementor-element elementor-element-542cd97 e-con e-atomic-element e-flexbox-base\" data-id=\"542cd97\" data-element_type=\"e-flexbox\" data-e-type=\"e-flexbox\" data-interaction-id=\"542cd97\">\n\t\t\t\t<\/div>\n\t\t<div class=\"elementor-element elementor-element-9195fe2 e-flex e-con-boxed e-con e-parent\" data-id=\"9195fe2\" data-element_type=\"container\" data-e-type=\"container\">\n\t\t\t\t\t<div class=\"e-con-inner\">\n\t\t\t\t\t\t\t<h2 \n\t\tdata-interaction-id=\"3e9554d\" \n\t\tclass=\"e-heading-base\" \n\t\t \n\t\t\n\t>\n\t\n\t\t\tQui\u00e9nes somos\n\t\t<\/h2>\n\t\t\t\t<div class=\"elementor-element elementor-element-16c93cf elementor-widget elementor-widget-text-editor\" data-id=\"16c93cf\" data-element_type=\"widget\" data-e-type=\"widget\" data-widget_type=\"text-editor.default\">\n\t\t\t\t\t\t\t\t\t<p>Instituci\u00f3n educativa comprometida con la formaci\u00f3n integral\u2026<\/p>\t\t\t\t\t\t\t\t<\/div>\n\t\t\t\t\t<\/div>\n\t\t\t\t<\/div>\n\t\t<div class=\"elementor-element elementor-element-d225146 e-flex e-con-boxed e-con e-parent\" data-id=\"d225146\" data-element_type=\"container\" data-e-type=\"container\">\n\t\t\t\t\t<div class=\"e-con-inner\">\n\t\t<div class=\"elementor-element elementor-element-fd279e0 e-con-full e-flex e-con e-child\" data-id=\"fd279e0\" data-element_type=\"container\" data-e-type=\"container\">\n\t\t\t\t\t\t\t<h2 \n\t\tdata-interaction-id=\"cf95e71\" \n\t\tclass=\"e-heading-base\" \n\t\t \n\t\t\n\t>\n\t\n\t\t\tNuestros niveles educativos\n\t\t<\/h2>\n\t\t\t\t<div class=\"elementor-element elementor-element-b4beb59 elementor-widget elementor-widget-text-editor\" data-id=\"b4beb59\" data-element_type=\"widget\" data-e-type=\"widget\" data-widget_type=\"text-editor.default\">\n\t\t\t\t\t\t\t\t\t<p>Primaria<\/p><p>B\u00e1sicos<\/p><p>Diversificado<\/p>\t\t\t\t\t\t\t\t<\/div>\n\t\t\t\t<\/div>\n\t\t<div class=\"elementor-element elementor-element-236eba1 e-con-full e-flex e-con e-child\" data-id=\"236eba1\" data-element_type=\"container\" data-e-type=\"container\">\n\t\t\t\t<\/div>\n\t\t\t\t\t<\/div>\n\t\t\t\t<\/div>\n\t\t<div class=\"elementor-element elementor-element-305f9ff e-flex e-con-boxed e-con e-parent\" data-id=\"305f9ff\" data-element_type=\"container\" data-e-type=\"container\">\n\t\t\t\t\t<div class=\"e-con-inner\">\n\t\t\t\t\t\t\t<h2 \n\t\tdata-interaction-id=\"96f6a13\" \n\t\tclass=\"e-heading-base\" \n\t\t \n\t\t\n\t>\n\t\n\t\t\tInscripciones abiertas 2026\n\t\t<\/h2>\n\t\t\t\t<div class=\"elementor-element elementor-element-c550e95 elementor-widget elementor-widget-text-editor\" data-id=\"c550e95\" data-element_type=\"widget\" data-e-type=\"widget\" data-widget_type=\"text-editor.default\">\n\t\t\t\t\t\t\t\t\t<p>Forma parte del Liceo Preuniversitario San Diego. Cont\u00e1ctanos para m\u00e1s informaci\u00f3n sobre inscripciones, requisitos y horarios.<\/p>\t\t\t\t\t\t\t\t<\/div>\n\t\t\t\t\t    \t            <button class=\"e-button-base\" data-interaction-id=\"71154c7\"  >\n            Solicitar informaci\u00f3n\n        <\/button>\n    \t\t\t\t\t<\/div>\n\t\t\t\t<\/div>\n\t\t\t\t<\/div>\n\t\t","protected":false},"excerpt":{"rendered":"<p>Liceo Preuniversitario San Diego \u201cFormando el futuro con excelencia acad\u00e9mica\u201d Inscripciones abiertas Qui\u00e9nes somos Instituci\u00f3n educativa comprometida con la formaci\u00f3n [&hellip;]<\/p>\n","protected":false},"author":1,"featured_media":0,"parent":0,"menu_order":0,"comment_status":"closed","ping_status":"closed","template":"","meta":{"site-sidebar-layout":"no-sidebar","site-content-layout":"","ast-site-content-layout":"full-width-container","site-content-style":"default","site-sidebar-style":"default","ast-global-header-display":"","ast-banner-title-visibility":"","ast-main-header-display":"","ast-hfb-above-header-display":"","ast-hfb-below-header-display":"","ast-hfb-mobile-header-display":"","site-post-title":"","ast-breadcrumbs-content":"","ast-featured-img":"disabled","footer-sml-layout":"","ast-disable-related-posts":"","theme-transparent-header-meta":"","adv-header-id-meta":"","stick-header-meta":"","header-above-stick-meta":"","header-main-stick-meta":"","header-below-stick-meta":"","astra-migrate-meta-layouts":"default","ast-page-background-enabled":"default","ast-page-background-meta":{"desktop":{"background-color":"var(--ast-global-color-5)","background-image":"","background-repeat":"repeat","background-position":"center center","background-size":"auto","background-attachment":"scroll","background-type":"","background-media":"","overlay-type":"","overlay-color":"","overlay-opacity":"","overlay-gradient":""},"tablet":{"background-color":"","background-image":"","background-repeat":"repeat","background-position":"center center","background-size":"auto","background-attachment":"scroll","background-type":"","background-media":"","overlay-type":"","overlay-color":"","overlay-opacity":"","overlay-gradient":""},"mobile":{"background-color":"","background-image":"","background-repeat":"repeat","background-position":"center center","background-size":"auto","background-attachment":"scroll","background-type":"","background-media":"","overlay-type":"","overlay-color":"","overlay-opacity":"","overlay-gradient":""}},"ast-content-background-meta":{"desktop":{"background-color":"var(--ast-global-color-4)","background-image":"","background-repeat":"repeat","background-position":"center center","background-size":"auto","background-attachment":"scroll","background-type":"","background-media":"","overlay-type":"","overlay-color":"","overlay-opacity":"","overlay-gradient":""},"tablet":{"background-color":"var(--ast-global-color-4)","background-image":"","background-repeat":"repeat","background-position":"center center","background-size":"auto","background-attachment":"scroll","background-type":"","background-media":"","overlay-type":"","overlay-color":"","overlay-opacity":"","overlay-gradient":""},"mobile":{"background-color":"var(--ast-global-color-4)","background-image":"","background-repeat":"repeat","background-position":"center center","background-size":"auto","background-attachment":"scroll","background-type":"","background-media":"","overlay-type":"","overlay-color":"","overlay-opacity":"","overlay-gradient":""}},"_joinchat":[],"footnotes":""},"class_list":["post-28","page","type-page","status-publish","hentry"],"_links":{"self":[{"href":"https:\/\/preusandiego.com.gt\/index.php?rest_route=\/wp\/v2\/pages\/28","targetHints":{"allow":["GET"]}}],"collection":[{"href":"https:\/\/preusandiego.com.gt\/index.php?rest_route=\/wp\/v2\/pages"}],"about":[{"href":"https:\/\/preusandiego.com.gt\/index.php?rest_route=\/wp\/v2\/types\/page"}],"author":[{"embeddable":true,"href":"https:\/\/preusandiego.com.gt\/index.php?rest_route=\/wp\/v2\/users\/1"}],"replies":[{"embeddable":true,"href":"https:\/\/preusandiego.com.gt\/index.php?rest_route=%2Fwp%2Fv2%2Fcomments&post=28"}],"version-history":[{"count":53,"href":"https:\/\/preusandiego.com.gt\/index.php?rest_route=\/wp\/v2\/pages\/28\/revisions"}],"predecessor-version":[{"id":96,"href":"https:\/\/preusandiego.com.gt\/index.php?rest_route=\/wp\/v2\/pages\/28\/revisions\/96"}],"wp:attachment":[{"href":"https:\/\/preusandiego.com.gt\/index.php?rest_route=%2Fwp%2Fv2%2Fmedia&parent=28"}],"curies":[{"name":"wp","href":"https:\/\/api.w.org\/{rel}","templated":true}]}}